{"id":619,"date":"2021-11-18T15:42:28","date_gmt":"2021-11-18T14:42:28","guid":{"rendered":"https:\/\/iconepc.fr\/wp\/?post_type=product&#038;p=619"},"modified":"2025-01-10T23:33:29","modified_gmt":"2025-01-10T22:33:29","slug":"hp-304-couleurs-cartouche-dencre-originale","status":"publish","type":"product","link":"https:\/\/iconepc.fr\/wp\/?product=hp-304-couleurs-cartouche-dencre-originale","title":{"rendered":"HP 304 &#8211; couleurs &#8211; cartouche d&rsquo;encre originale"},"content":{"rendered":"<p><img  title=\"\" loading=\"lazy\" decoding=\"async\" class=\"alignnone size-medium wp-image-620\" src=\"http:\/\/iconepc.fr\/wp\/wp-content\/uploads\/2021\/11\/304c-300x220.jpg\"  alt=\"304c-300x220 HP 304 - couleurs - cartouche d&#039;encre originale\"  width=\"300\" height=\"220\" \/><\/p>\n<p>&nbsp;<\/p>\n","protected":false},"excerpt":{"rendered":"<div role=\"tab\" data-role=\"collapsible\" data-collapsible=\"true\"><img loading=\"lazy\" decoding=\"async\" class=\"alignnone size-medium wp-image-620\" src=\"http:\/\/iconepc.fr\/wp\/wp-content\/uploads\/2021\/11\/304c-300x220.jpg\" alt=\"\" width=\"300\" height=\"220\" \/><\/div>\n<div id=\"product.info.attributes\" class=\"data item content\" role=\"tabpanel\" aria-labelledby=\"tab-label-product.info.attributes\" data-role=\"content\" aria-hidden=\"true\">\n<div class=\"product-attributes-content\">\n<div class=\"caracteristics\">\n<div class=\"caracteristics__container opened\">\n<div class=\"caracteristics__group-name\">\n<div class=\"caracteristic\">\n<div class=\"caracteristic__value\" data-th=\"Sp\u00e9cifications\">\n<div id=\"tab-label-product.info.attributes\" class=\"data item title\" role=\"tab\" data-role=\"collapsible\" data-collapsible=\"true\"><a id=\"tab-label-product.info.attributes-title\" class=\"data switch\" href=\"https:\/\/www.bureau-vallee.fr\/cart-hp-304-c-m-y-100p-160416.html#product.info.attributes\" data-toggle=\"trigger\">CARACT\u00c9RISTIQUES D\u00c9TAILL\u00c9ES<\/a><\/div>\n<div id=\"product.info.attributes\" class=\"data item content\" role=\"tabpanel\" aria-labelledby=\"tab-label-product.info.attributes\" data-role=\"content\" aria-hidden=\"true\">\n<div class=\"product-attributes-content\">\n<div class=\"caracteristics\">\n<div class=\"caracteristics__container opened\">\n<div class=\"caracteristics__group-name\">\n<div class=\"caracteristic\">\n<div class=\"caracteristic__label\">Quantit\u00e9 incluse dans le paquet\u00a0:<\/div>\n<div class=\"caracteristic__value\" data-th=\"Quantit\u00e9 incluse dans le paquet\">1<\/div>\n<\/div>\n<div class=\"caracteristic\">\n<div class=\"caracteristic__label\">Gamme de produits\u00a0:<\/div>\n<div class=\"caracteristic__value\" data-th=\"Gamme de produits\">HP<\/div>\n<\/div>\n<div class=\"caracteristic\">\n<div class=\"caracteristic__label\">Mod\u00e8le\u00a0:<\/div>\n<div class=\"caracteristic__value\" data-th=\"Mod\u00e8le\">304<\/div>\n<\/div>\n<div class=\"caracteristic caracteristic--header\">\n<div class=\"caracteristic__label\">Marketing<\/div>\n<\/div>\n<div class=\"caracteristic\">\n<div class=\"caracteristic__label\">Type de cartouche\u00a0:<\/div>\n<div class=\"caracteristic__value\" data-th=\"Type de cartouche\">Marque<\/div>\n<\/div>\n<div class=\"caracteristic\">\n<div class=\"caracteristic__label\">Couleur de l&rsquo;article\u00a0:<\/div>\n<div class=\"caracteristic__value\" data-th=\"Couleur de l'article\">cyan, magenta, jaune<\/div>\n<\/div>\n<div class=\"caracteristic\">\n<div class=\"caracteristic__label\">Capacit\u00e9\u00a0:<\/div>\n<div class=\"caracteristic__value\" data-th=\"Capacit\u00e9\">standard<\/div>\n<\/div>\n<div class=\"caracteristic\">\n<div class=\"caracteristic__label\">Etat du produit\u00a0:<\/div>\n<div class=\"caracteristic__value\" data-th=\"Etat du produit\">Produit Neuf<\/div>\n<\/div>\n<div class=\"caracteristic caracteristic--header\">\n<div class=\"caracteristic__label\">En-t\u00eate<\/div>\n<\/div>\n<div class=\"caracteristic\">\n<div class=\"caracteristic__label\">Classe de consommables pour imprimante\u00a0:<\/div>\n<div class=\"caracteristic__value\" data-th=\"Classe de consommables pour imprimante\">Consommables et kits<\/div>\n<\/div>\n<div class=\"caracteristic\">\n<div class=\"caracteristic__label\">Sous-cat\u00e9gorie de consommable\u00a0:<\/div>\n<div class=\"caracteristic__value\" data-th=\"Sous-cat\u00e9gorie de consommable\">Cartouches<\/div>\n<\/div>\n<div class=\"caracteristic\">\n<div class=\"caracteristic__label\">Cat\u00e9gorie d&rsquo;accessoire\u00a0:<\/div>\n<div class=\"caracteristic__value\" data-th=\"Cat\u00e9gorie d'accessoire\">Consommables d&rsquo;impression<\/div>\n<\/div>\n<div class=\"caracteristic\">\n<div class=\"caracteristic__label\">Kits pays\u00a0:<\/div>\n<div class=\"caracteristic__value\" data-th=\"Kits pays\">Europe de l&rsquo;Ouest<\/div>\n<\/div>\n<div class=\"caracteristic\">\n<div class=\"caracteristic__label\">Num\u00e9ro de pi\u00e8ce HP\u00a0:<\/div>\n<div class=\"caracteristic__value\" data-th=\"Num\u00e9ro de pi\u00e8ce HP\">N9K05AE<\/div>\n<\/div>\n<div class=\"caracteristic\">\n<div class=\"caracteristic__label\">Technologie\u00a0:<\/div>\n<div class=\"caracteristic__value\" data-th=\"Technologie\">Jet d&rsquo;encre<\/div>\n<\/div>\n<div class=\"caracteristic caracteristic--header\">\n<div class=\"caracteristic__label\">Consommables<\/div>\n<\/div>\n<div class=\"caracteristic\">\n<div class=\"caracteristic__label\">Nombre inclus\u00a0:<\/div>\n<div class=\"caracteristic__value\" data-th=\"Nombre inclus\">Pack de 1<\/div>\n<\/div>\n<div class=\"caracteristic\">\n<div class=\"caracteristic__label\">Original\u00a0:<\/div>\n<div class=\"caracteristic__value\" data-th=\"Original\">Originale<\/div>\n<\/div>\n<div class=\"caracteristic\">\n<div class=\"caracteristic__label\">Couleur\u00a0:<\/div>\n<div class=\"caracteristic__value\" data-th=\"Couleur\">Couleur (cyan, magenta, jaune)<\/div>\n<\/div>\n<div class=\"caracteristic\">\n<div class=\"caracteristic__label\">Dur\u00e9e de vie\u00a0:<\/div>\n<div class=\"caracteristic__value\" data-th=\"Dur\u00e9e de vie\">100 pages<\/div>\n<\/div>\n<div class=\"caracteristic\">\n<div class=\"caracteristic__label\">Technologie d&rsquo;impression\u00a0:<\/div>\n<div class=\"caracteristic__value\" data-th=\"Technologie d'impression\">Jet d&rsquo;encre<\/div>\n<\/div>\n<div class=\"caracteristic\">\n<div class=\"caracteristic__label\">Type de consommable\u00a0:<\/div>\n<div class=\"caracteristic__value\" data-th=\"Type de consommable\">Cartouche d&rsquo;encre<\/div>\n<\/div>\n<div class=\"caracteristic\">\n<div class=\"caracteristic__label\">Couverture du cycle d&rsquo;utilisation\u00a0:<\/div>\n<div class=\"caracteristic__value\" data-th=\"Couverture du cycle d'utilisation\">ISO\/IEC 24711<\/div>\n<\/div>\n<div class=\"caracteristic caracteristic--header\">\n<div class=\"caracteristic__label\">Dimensions et poids (emball\u00e9)<\/div>\n<\/div>\n<div class=\"caracteristic\">\n<div class=\"caracteristic__label\">Largeur emball\u00e9e\u00a0:<\/div>\n<div class=\"caracteristic__value\" data-th=\"Largeur emball\u00e9e\">11.3 cm<\/div>\n<\/div>\n<div class=\"caracteristic\">\n<div class=\"caracteristic__label\">Hauteur emball\u00e9e\u00a0:<\/div>\n<div class=\"caracteristic__value\" data-th=\"Hauteur emball\u00e9e\">11.5 cm<\/div>\n<\/div>\n<div class=\"caracteristic\">\n<div class=\"caracteristic__label\">Profondeur emball\u00e9e\u00a0:<\/div>\n<div class=\"caracteristic__value\" data-th=\"Profondeur emball\u00e9e\">3.7 cm<\/div>\n<\/div>\n<div class=\"caracteristic\">\n<div class=\"caracteristic__label\">Poids emball\u00e9\u00a0:<\/div>\n<div class=\"caracteristic__value\" data-th=\"Poids emball\u00e9\">50 g<\/div>\n<\/div>\n<div class=\"caracteristic caracteristic--header\">\n<div class=\"caracteristic__label\">Gescom<\/div>\n<\/div>\n<div class=\"caracteristic\">\n<div class=\"caracteristic__label\">Pr\u00e9sence web territoire\u00a0:<\/div>\n<div class=\"caracteristic__value\" data-th=\"Pr\u00e9sence web territoire\">Belgique, France<\/div>\n<\/div>\n<div class=\"caracteristic\">\n<div class=\"caracteristic__label\">Code Barre ma\u00eetre\u00a0:<\/div>\n<div class=\"caracteristic__value\" data-th=\"Code Barre ma\u00eetre\">889894860705<\/div>\n<\/div>\n<div class=\"caracteristic caracteristic--header\">\n<div class=\"caracteristic__label\">Manufacturer<\/div>\n<\/div>\n<div class=\"caracteristic\">\n<div class=\"caracteristic__label\">R\u00e9f\u00e9rence fabricant\u00a0:<\/div>\n<div class=\"caracteristic__value\" data-th=\"R\u00e9f\u00e9rence fabricant\">N9K05AE#UUS<\/div>\n<\/div>\n<div class=\"caracteristic\">\n<div class=\"caracteristic__label\">Fabricant\u00a0:<\/div>\n<div class=\"caracteristic__value\" data-th=\"Fabricant\">HEWLETT-PACKARD<\/div>\n<\/div>\n<div class=\"caracteristic caracteristic--header\">\n<div class=\"caracteristic__label\">Ecological_notation<\/div>\n<\/div>\n<div class=\"caracteristic\">\n<div class=\"caracteristic__label\">Origine\u00a0:<\/div>\n<div class=\"caracteristic__value\" data-th=\"Origine\">Reste du monde<\/div>\n<\/div>\n<div class=\"caracteristic caracteristic--header\">\n<div class=\"caracteristic__label\">Compatibilit\u00e9<\/div>\n<\/div>\n<div class=\"caracteristic\">\n<div class=\"caracteristic__label\">Description\u00a0:<\/div>\n<div class=\"caracteristic__value\" data-th=\"Description\">AMP 130; Deskjet 26XX, 37XX; Envy 50XX<\/div>\n<\/div>\n<div class=\"caracteristic\">\n<div class=\"caracteristic__label\">Sp\u00e9cifications\u00a0:<\/div>\n<div class=\"caracteristic__value\" data-th=\"Sp\u00e9cifications\"><a href=\"https:\/\/www.bureau-vallee.fr\/cartouches-toners-search.html?find=HP%20Inc.---HP%20AMP---130\">HP AMP 130 \u00a6 HP Deskjet 2620<\/a>,<a href=\"https:\/\/www.bureau-vallee.fr\/cartouches-toners-search.html?find=HP%20Inc.---HP%20Deskjet---3720%20All-in-One\">\u00a02621<\/a>,<a href=\"https:\/\/www.bureau-vallee.fr\/cartouches-toners-search.html?find=HP%20Inc.---HP%20Deskjet---3720%20All-in-One\">\u00a02622<\/a>,<a href=\"https:\/\/www.bureau-vallee.fr\/cartouches-toners-search.html?find=HP%20Inc.---HP%20Deskjet---3720%20All-in-One\">\u00a02624<\/a>,<a href=\"https:\/\/www.bureau-vallee.fr\/cartouches-toners-search.html?find=HP%20Inc.---HP%20Deskjet---3720%20All-in-One\">\u00a02630<\/a>,<a href=\"https:\/\/www.bureau-vallee.fr\/cartouches-toners-search.html?find=HP%20Inc.---HP%20Deskjet---3720%20All-in-One\">\u00a02632<\/a>,<a href=\"https:\/\/www.bureau-vallee.fr\/cartouches-toners-search.html?find=HP%20Inc.---HP%20Deskjet---3720%20All-in-One\">\u00a02633<\/a>,<a href=\"https:\/\/www.bureau-vallee.fr\/cartouches-toners-search.html?find=HP%20Inc.---HP%20Deskjet---3720%20All-in-One\">\u00a02634<\/a>,<a href=\"https:\/\/www.bureau-vallee.fr\/cartouches-toners-search.html?find=HP%20Inc.---HP%20Deskjet---3720%20All-in-One\">\u00a02640<\/a>,<a href=\"https:\/\/www.bureau-vallee.fr\/cartouches-toners-search.html?find=HP%20Inc.---HP%20Deskjet---3720%20All-in-One\">\u00a02652<\/a>,<a href=\"https:\/\/www.bureau-vallee.fr\/cartouches-toners-search.html?find=HP%20Inc.---HP%20Deskjet---3720%20All-in-One\">\u00a03720<\/a>,<a href=\"https:\/\/www.bureau-vallee.fr\/cartouches-toners-search.html?find=HP%20Inc.---HP%20Deskjet---3720%20All-in-One\">\u00a03721<\/a>,<a href=\"https:\/\/www.bureau-vallee.fr\/cartouches-toners-search.html?find=HP%20Inc.---HP%20Deskjet---3720%20All-in-One\">\u00a03722<\/a>,<a href=\"https:\/\/www.bureau-vallee.fr\/cartouches-toners-search.html?find=HP%20Inc.---HP%20Deskjet---3720%20All-in-One\">\u00a03723<\/a>,<a href=\"https:\/\/www.bureau-vallee.fr\/cartouches-toners-search.html?find=HP%20Inc.---HP%20Deskjet---3720%20All-in-One\">\u00a03730<\/a>,<a href=\"https:\/\/www.bureau-vallee.fr\/cartouches-toners-search.html?find=HP%20Inc.---HP%20Deskjet---3720%20All-in-One\">\u00a03732<\/a>,<a href=\"https:\/\/www.bureau-vallee.fr\/cartouches-toners-search.html?find=HP%20Inc.---HP%20Deskjet---3720%20All-in-One\">\u00a03733<\/a>,<a href=\"https:\/\/www.bureau-vallee.fr\/cartouches-toners-search.html?find=HP%20Inc.---HP%20Deskjet---3720%20All-in-One\">\u00a03735<\/a>,<a href=\"https:\/\/www.bureau-vallee.fr\/cartouches-toners-search.html?find=HP%20Inc.---HP%20Deskjet---3720%20All-in-One\">\u00a03750<\/a>,<a href=\"https:\/\/www.bureau-vallee.fr\/cartouches-toners-search.html?find=HP%20Inc.---HP%20Deskjet---3720%20All-in-One\">\u00a03752<\/a>,<a href=\"https:\/\/www.bureau-vallee.fr\/cartouches-toners-search.html?find=HP%20Inc.---HP%20Deskjet---3720%20All-in-One\">\u00a03758<\/a>,<a href=\"https:\/\/www.bureau-vallee.fr\/cartouches-toners-search.html?find=HP%20Inc.---HP%20Deskjet---3720%20All-in-One\">\u00a03760<\/a>,<a href=\"https:\/\/www.bureau-vallee.fr\/cartouches-toners-search.html?find=HP%20Inc.---HP%20Deskjet---3720%20All-in-One\">\u00a03762<\/a>,<a href=\"https:\/\/www.bureau-vallee.fr\/cartouches-toners-search.html?find=HP%20Inc.---HP%20Deskjet---3720%20All-in-One\">\u00a03764 \u00a6 HP Envy 5010<\/a>,<a href=\"https:\/\/www.bureau-vallee.fr\/cartouches-toners-search.html?find=HP%20Inc.---HP%20Deskjet---3720%20All-in-One\">\u00a05014<\/a>,<a href=\"https:\/\/www.bureau-vallee.fr\/cartouches-toners-search.html?find=HP%20Inc.---HP%20Deskjet---3720%20All-in-One\">\u00a05020<\/a>,<a href=\"https:\/\/www.bureau-vallee.fr\/cartouches-toners-search.html?find=HP%20Inc.---HP%20Deskjet---3720%20All-in-One\">\u00a05030<\/a>,<a href=\"https:\/\/www.bureau-vallee.fr\/cartouches-toners-search.html?find=HP%20Inc.---HP%20Deskjet---3720%20All-in-One\">\u00a05032<\/a>,<a href=\"https:\/\/www.bureau-vallee.fr\/cartouches-toners-search.html?find=HP%20Inc.---HP%20Deskjet---3720%20All-in-One\">\u00a05052<\/a>,<a href=\"https:\/\/www.bureau-vallee.fr\/cartouches-toners-search.html?find=HP%20Inc.---HP%20Deskjet---3720%20All-in-One\">\u00a05055<\/a>,<a href=\"https:\/\/www.bureau-vallee.fr\/cartouches-toners-search.html?find=HP%20Inc.---HP%20Deskjet---3720%20All-in-One\">\u00a05070<\/a><\/div>\n<\/div>\n<\/div>\n<\/div>\n<\/div>\n<\/div>\n<\/div>\n<\/div>\n<\/div>\n<\/div>\n<\/div>\n<\/div>\n<\/div>\n<\/div>\n","protected":false},"featured_media":0,"comment_status":"open","ping_status":"closed","template":"","meta":[],"product_brand":[],"product_cat":[41],"product_tag":[],"class_list":{"0":"post-619","1":"product","2":"type-product","3":"status-publish","5":"product_cat-hp-cartouches","7":"first","8":"instock","9":"taxable","10":"shipping-taxable","11":"purchasable","12":"product-type-simple"},"yoast_head":"<!-- This site is optimized with the Yoast SEO plugin v27.5 - https:\/\/yoast.com\/product\/yoast-seo-wordpress\/ -->\n<title>HP 304 - couleurs - cartouche d&#039;encre originale - Icone PC<\/title>\n<meta name=\"robots\" content=\"index, follow, max-snippet:-1, max-image-preview:large, max-video-preview:-1\" \/>\n<link rel=\"canonical\" href=\"https:\/\/iconepc.fr\/wp\/?product=hp-304-couleurs-cartouche-dencre-originale\" \/>\n<meta property=\"og:locale\" content=\"fr_FR\" \/>\n<meta property=\"og:type\" content=\"article\" \/>\n<meta property=\"og:title\" content=\"HP 304 - couleurs - cartouche d&#039;encre originale - Icone PC\" \/>\n<meta property=\"og:description\" content=\"CARACT\u00c9RISTIQUES D\u00c9TAILL\u00c9ES       Quantit\u00e9 incluse dans le paquet\u00a0: 1   Gamme de produits\u00a0: HP   Mod\u00e8le\u00a0: 304   Marketing   Type de cartouche\u00a0: Marque   Couleur de l&#039;article\u00a0: cyan, magenta, jaune   Capacit\u00e9\u00a0: standard   Etat du produit\u00a0: Produit Neuf   En-t\u00eate   Classe de consommables pour imprimante\u00a0: Consommables et kits   Sous-cat\u00e9gorie de consommable\u00a0: Cartouches   Cat\u00e9gorie d&#039;accessoire\u00a0: Consommables d&#039;impression   Kits pays\u00a0: Europe de l&#039;Ouest   Num\u00e9ro de pi\u00e8ce HP\u00a0: N9K05AE   Technologie\u00a0: Jet d&#039;encre   Consommables   Nombre inclus\u00a0: Pack de 1   Original\u00a0: Originale   Couleur\u00a0: Couleur (cyan, magenta, jaune)   Dur\u00e9e de vie\u00a0: 100 pages   Technologie d&#039;impression\u00a0: Jet d&#039;encre   Type de consommable\u00a0: Cartouche d&#039;encre   Couverture du cycle d&#039;utilisation\u00a0: ISO\/IEC 24711   Dimensions et poids (emball\u00e9)   Largeur emball\u00e9e\u00a0: 11.3 cm   Hauteur emball\u00e9e\u00a0: 11.5 cm   Profondeur emball\u00e9e\u00a0: 3.7 cm   Poids emball\u00e9\u00a0: 50 g   Gescom   Pr\u00e9sence web territoire\u00a0: Belgique, France   Code Barre ma\u00eetre\u00a0: 889894860705   Manufacturer   R\u00e9f\u00e9rence fabricant\u00a0: N9K05AE#UUS   Fabricant\u00a0: HEWLETT-PACKARD   Ecological_notation   Origine\u00a0: Reste du monde   Compatibilit\u00e9   Description\u00a0: AMP 130; Deskjet 26XX, 37XX; Envy 50XX   Sp\u00e9cifications\u00a0: HP AMP 130 \u00a6 HP Deskjet 2620,\u00a02621,\u00a02622,\u00a02624,\u00a02630,\u00a02632,\u00a02633,\u00a02634,\u00a02640,\u00a02652,\u00a03720,\u00a03721,\u00a03722,\u00a03723,\u00a03730,\u00a03732,\u00a03733,\u00a03735,\u00a03750,\u00a03752,\u00a03758,\u00a03760,\u00a03762,\u00a03764 \u00a6 HP Envy 5010,\u00a05014,\u00a05020,\u00a05030,\u00a05032,\u00a05052,\u00a05055,\u00a05070\" \/>\n<meta property=\"og:url\" content=\"https:\/\/iconepc.fr\/wp\/?product=hp-304-couleurs-cartouche-dencre-originale\" \/>\n<meta property=\"og:site_name\" content=\"Icone PC\" \/>\n<meta property=\"article:modified_time\" content=\"2025-01-10T22:33:29+00:00\" \/>\n<meta property=\"og:image\" content=\"http:\/\/iconepc.fr\/wp\/wp-content\/uploads\/2021\/11\/304c.jpg\" \/>\n\t<meta property=\"og:image:width\" content=\"1750\" \/>\n\t<meta property=\"og:image:height\" content=\"1285\" \/>\n\t<meta property=\"og:image:type\" content=\"image\/jpeg\" \/>\n<meta name=\"twitter:card\" content=\"summary_large_image\" \/>\n<meta name=\"twitter:label1\" content=\"Dur\u00e9e de lecture estim\u00e9e\" \/>\n\t<meta name=\"twitter:data1\" content=\"1 minute\" \/>\n<script type=\"application\/ld+json\" class=\"yoast-schema-graph\">{\"@context\":\"https:\\\/\\\/schema.org\",\"@graph\":[{\"@type\":\"WebPage\",\"@id\":\"https:\\\/\\\/iconepc.fr\\\/wp\\\/?product=hp-304-couleurs-cartouche-dencre-originale\",\"url\":\"https:\\\/\\\/iconepc.fr\\\/wp\\\/?product=hp-304-couleurs-cartouche-dencre-originale\",\"name\":\"HP 304 - couleurs - cartouche d'encre originale - Icone PC\",\"isPartOf\":{\"@id\":\"https:\\\/\\\/iconepc.fr\\\/wp\\\/#website\"},\"primaryImageOfPage\":{\"@id\":\"https:\\\/\\\/iconepc.fr\\\/wp\\\/?product=hp-304-couleurs-cartouche-dencre-originale#primaryimage\"},\"image\":{\"@id\":\"https:\\\/\\\/iconepc.fr\\\/wp\\\/?product=hp-304-couleurs-cartouche-dencre-originale#primaryimage\"},\"thumbnailUrl\":\"http:\\\/\\\/iconepc.fr\\\/wp\\\/wp-content\\\/uploads\\\/2021\\\/11\\\/304c-300x220.jpg\",\"datePublished\":\"2021-11-18T14:42:28+00:00\",\"dateModified\":\"2025-01-10T22:33:29+00:00\",\"breadcrumb\":{\"@id\":\"https:\\\/\\\/iconepc.fr\\\/wp\\\/?product=hp-304-couleurs-cartouche-dencre-originale#breadcrumb\"},\"inLanguage\":\"fr-FR\",\"potentialAction\":[{\"@type\":\"ReadAction\",\"target\":[\"https:\\\/\\\/iconepc.fr\\\/wp\\\/?product=hp-304-couleurs-cartouche-dencre-originale\"]}]},{\"@type\":\"ImageObject\",\"inLanguage\":\"fr-FR\",\"@id\":\"https:\\\/\\\/iconepc.fr\\\/wp\\\/?product=hp-304-couleurs-cartouche-dencre-originale#primaryimage\",\"url\":\"http:\\\/\\\/iconepc.fr\\\/wp\\\/wp-content\\\/uploads\\\/2021\\\/11\\\/304c-300x220.jpg\",\"contentUrl\":\"http:\\\/\\\/iconepc.fr\\\/wp\\\/wp-content\\\/uploads\\\/2021\\\/11\\\/304c-300x220.jpg\"},{\"@type\":\"BreadcrumbList\",\"@id\":\"https:\\\/\\\/iconepc.fr\\\/wp\\\/?product=hp-304-couleurs-cartouche-dencre-originale#breadcrumb\",\"itemListElement\":[{\"@type\":\"ListItem\",\"position\":1,\"name\":\"Accueil\",\"item\":\"https:\\\/\\\/iconepc.fr\\\/wp\\\/\"},{\"@type\":\"ListItem\",\"position\":2,\"name\":\"Boutique\",\"item\":\"https:\\\/\\\/iconepc.fr\\\/wp\\\/\"},{\"@type\":\"ListItem\",\"position\":3,\"name\":\"HP 304 &#8211; couleurs &#8211; cartouche d&rsquo;encre originale\"}]},{\"@type\":\"WebSite\",\"@id\":\"https:\\\/\\\/iconepc.fr\\\/wp\\\/#website\",\"url\":\"https:\\\/\\\/iconepc.fr\\\/wp\\\/\",\"name\":\"Icone PC\",\"description\":\"Vente et r\u00e9paration informatique\",\"potentialAction\":[{\"@type\":\"SearchAction\",\"target\":{\"@type\":\"EntryPoint\",\"urlTemplate\":\"https:\\\/\\\/iconepc.fr\\\/wp\\\/?s={search_term_string}\"},\"query-input\":{\"@type\":\"PropertyValueSpecification\",\"valueRequired\":true,\"valueName\":\"search_term_string\"}}],\"inLanguage\":\"fr-FR\"}]}<\/script>\n<!-- \/ Yoast SEO plugin. -->","yoast_head_json":{"title":"HP 304 - couleurs - cartouche d'encre originale - Icone PC","robots":{"index":"index","follow":"follow","max-snippet":"max-snippet:-1","max-image-preview":"max-image-preview:large","max-video-preview":"max-video-preview:-1"},"canonical":"https:\/\/iconepc.fr\/wp\/?product=hp-304-couleurs-cartouche-dencre-originale","og_locale":"fr_FR","og_type":"article","og_title":"HP 304 - couleurs - cartouche d'encre originale - Icone PC","og_description":"CARACT\u00c9RISTIQUES D\u00c9TAILL\u00c9ES       Quantit\u00e9 incluse dans le paquet\u00a0: 1   Gamme de produits\u00a0: HP   Mod\u00e8le\u00a0: 304   Marketing   Type de cartouche\u00a0: Marque   Couleur de l'article\u00a0: cyan, magenta, jaune   Capacit\u00e9\u00a0: standard   Etat du produit\u00a0: Produit Neuf   En-t\u00eate   Classe de consommables pour imprimante\u00a0: Consommables et kits   Sous-cat\u00e9gorie de consommable\u00a0: Cartouches   Cat\u00e9gorie d'accessoire\u00a0: Consommables d'impression   Kits pays\u00a0: Europe de l'Ouest   Num\u00e9ro de pi\u00e8ce HP\u00a0: N9K05AE   Technologie\u00a0: Jet d'encre   Consommables   Nombre inclus\u00a0: Pack de 1   Original\u00a0: Originale   Couleur\u00a0: Couleur (cyan, magenta, jaune)   Dur\u00e9e de vie\u00a0: 100 pages   Technologie d'impression\u00a0: Jet d'encre   Type de consommable\u00a0: Cartouche d'encre   Couverture du cycle d'utilisation\u00a0: ISO\/IEC 24711   Dimensions et poids (emball\u00e9)   Largeur emball\u00e9e\u00a0: 11.3 cm   Hauteur emball\u00e9e\u00a0: 11.5 cm   Profondeur emball\u00e9e\u00a0: 3.7 cm   Poids emball\u00e9\u00a0: 50 g   Gescom   Pr\u00e9sence web territoire\u00a0: Belgique, France   Code Barre ma\u00eetre\u00a0: 889894860705   Manufacturer   R\u00e9f\u00e9rence fabricant\u00a0: N9K05AE#UUS   Fabricant\u00a0: HEWLETT-PACKARD   Ecological_notation   Origine\u00a0: Reste du monde   Compatibilit\u00e9   Description\u00a0: AMP 130; Deskjet 26XX, 37XX; Envy 50XX   Sp\u00e9cifications\u00a0: HP AMP 130 \u00a6 HP Deskjet 2620,\u00a02621,\u00a02622,\u00a02624,\u00a02630,\u00a02632,\u00a02633,\u00a02634,\u00a02640,\u00a02652,\u00a03720,\u00a03721,\u00a03722,\u00a03723,\u00a03730,\u00a03732,\u00a03733,\u00a03735,\u00a03750,\u00a03752,\u00a03758,\u00a03760,\u00a03762,\u00a03764 \u00a6 HP Envy 5010,\u00a05014,\u00a05020,\u00a05030,\u00a05032,\u00a05052,\u00a05055,\u00a05070","og_url":"https:\/\/iconepc.fr\/wp\/?product=hp-304-couleurs-cartouche-dencre-originale","og_site_name":"Icone PC","article_modified_time":"2025-01-10T22:33:29+00:00","og_image":[{"width":1750,"height":1285,"url":"http:\/\/iconepc.fr\/wp\/wp-content\/uploads\/2021\/11\/304c.jpg","type":"image\/jpeg"}],"twitter_card":"summary_large_image","twitter_misc":{"Dur\u00e9e de lecture estim\u00e9e":"1 minute"},"schema":{"@context":"https:\/\/schema.org","@graph":[{"@type":"WebPage","@id":"https:\/\/iconepc.fr\/wp\/?product=hp-304-couleurs-cartouche-dencre-originale","url":"https:\/\/iconepc.fr\/wp\/?product=hp-304-couleurs-cartouche-dencre-originale","name":"HP 304 - couleurs - cartouche d'encre originale - Icone PC","isPartOf":{"@id":"https:\/\/iconepc.fr\/wp\/#website"},"primaryImageOfPage":{"@id":"https:\/\/iconepc.fr\/wp\/?product=hp-304-couleurs-cartouche-dencre-originale#primaryimage"},"image":{"@id":"https:\/\/iconepc.fr\/wp\/?product=hp-304-couleurs-cartouche-dencre-originale#primaryimage"},"thumbnailUrl":"http:\/\/iconepc.fr\/wp\/wp-content\/uploads\/2021\/11\/304c-300x220.jpg","datePublished":"2021-11-18T14:42:28+00:00","dateModified":"2025-01-10T22:33:29+00:00","breadcrumb":{"@id":"https:\/\/iconepc.fr\/wp\/?product=hp-304-couleurs-cartouche-dencre-originale#breadcrumb"},"inLanguage":"fr-FR","potentialAction":[{"@type":"ReadAction","target":["https:\/\/iconepc.fr\/wp\/?product=hp-304-couleurs-cartouche-dencre-originale"]}]},{"@type":"ImageObject","inLanguage":"fr-FR","@id":"https:\/\/iconepc.fr\/wp\/?product=hp-304-couleurs-cartouche-dencre-originale#primaryimage","url":"http:\/\/iconepc.fr\/wp\/wp-content\/uploads\/2021\/11\/304c-300x220.jpg","contentUrl":"http:\/\/iconepc.fr\/wp\/wp-content\/uploads\/2021\/11\/304c-300x220.jpg"},{"@type":"BreadcrumbList","@id":"https:\/\/iconepc.fr\/wp\/?product=hp-304-couleurs-cartouche-dencre-originale#breadcrumb","itemListElement":[{"@type":"ListItem","position":1,"name":"Accueil","item":"https:\/\/iconepc.fr\/wp\/"},{"@type":"ListItem","position":2,"name":"Boutique","item":"https:\/\/iconepc.fr\/wp\/"},{"@type":"ListItem","position":3,"name":"HP 304 &#8211; couleurs &#8211; cartouche d&rsquo;encre originale"}]},{"@type":"WebSite","@id":"https:\/\/iconepc.fr\/wp\/#website","url":"https:\/\/iconepc.fr\/wp\/","name":"Icone PC","description":"Vente et r\u00e9paration informatique","potentialAction":[{"@type":"SearchAction","target":{"@type":"EntryPoint","urlTemplate":"https:\/\/iconepc.fr\/wp\/?s={search_term_string}"},"query-input":{"@type":"PropertyValueSpecification","valueRequired":true,"valueName":"search_term_string"}}],"inLanguage":"fr-FR"}]}},"jetpack_sharing_enabled":true,"_links":{"self":[{"href":"https:\/\/iconepc.fr\/wp\/index.php?rest_route=\/wp\/v2\/product\/619","targetHints":{"allow":["GET"]}}],"collection":[{"href":"https:\/\/iconepc.fr\/wp\/index.php?rest_route=\/wp\/v2\/product"}],"about":[{"href":"https:\/\/iconepc.fr\/wp\/index.php?rest_route=\/wp\/v2\/types\/product"}],"replies":[{"embeddable":true,"href":"https:\/\/iconepc.fr\/wp\/index.php?rest_route=%2Fwp%2Fv2%2Fcomments&post=619"}],"wp:attachment":[{"href":"https:\/\/iconepc.fr\/wp\/index.php?rest_route=%2Fwp%2Fv2%2Fmedia&parent=619"}],"wp:term":[{"taxonomy":"product_brand","embeddable":true,"href":"https:\/\/iconepc.fr\/wp\/index.php?rest_route=%2Fwp%2Fv2%2Fproduct_brand&post=619"},{"taxonomy":"product_cat","embeddable":true,"href":"https:\/\/iconepc.fr\/wp\/index.php?rest_route=%2Fwp%2Fv2%2Fproduct_cat&post=619"},{"taxonomy":"product_tag","embeddable":true,"href":"https:\/\/iconepc.fr\/wp\/index.php?rest_route=%2Fwp%2Fv2%2Fproduct_tag&post=619"}],"curies":[{"name":"wp","href":"https:\/\/api.w.org\/{rel}","templated":true}]}}