{"id":55,"date":"2021-11-09T09:47:38","date_gmt":"2021-11-09T08:47:38","guid":{"rendered":"https:\/\/iconepc.fr\/wp\/?post_type=product&#038;p=55"},"modified":"2026-04-10T18:15:31","modified_gmt":"2026-04-10T16:15:31","slug":"microsoft-office-2021-professionnel-plus","status":"publish","type":"product","link":"https:\/\/iconepc.fr\/wp\/?product=microsoft-office-2021-professionnel-plus","title":{"rendered":"Microsoft Office 2021 Professionnel Plus"},"content":{"rendered":"<h1 class=\"product--title\">Microsoft Office 2021 Professionnel Plus<\/h1>\n<table class=\"product_specs\">\n<tbody>\n<tr>\n<td colspan=\"2\"><strong>Microsoft Office 2021 Professionnel Plus<\/strong><\/td>\n<\/tr>\n<tr>\n<td><span data-mce-mark=\"1\">Cette version compl\u00e8te de Microsoft Office comprend<\/span><\/td>\n<td>\n<ul>\n<li><span data-mce-mark=\"1\"><b>word<\/b>,<\/span><\/li>\n<li><span data-mce-mark=\"1\">Excel,<\/span><\/li>\n<li><span data-mce-mark=\"1\">Power Point,<\/span><\/li>\n<li><span data-mce-mark=\"1\">one note<\/span><\/li>\n<li><span data-mce-mark=\"1\">publisher<\/span><\/li>\n<li><span data-mce-mark=\"1\">outlook<\/span><\/li>\n<li><span data-mce-mark=\"1\">Acces<\/span><\/li>\n<li><span data-mce-mark=\"1\">Infopath<\/span><\/li>\n<li><span data-mce-mark=\"1\">Skype<\/span><\/li>\n<\/ul>\n<\/td>\n<\/tr>\n<tr>\n<td><span data-mce-mark=\"1\">Utilisateur \/ PC \/ Produit<\/span><\/td>\n<td><span data-mce-mark=\"1\">1 \/ 1 PC \/ Volume<\/span><\/td>\n<\/tr>\n<tr>\n<td><span data-mce-mark=\"1\">Langue<\/span><\/td>\n<td><span class=\"hps\" data-mce-mark=\"1\"><span data-mce-mark=\"1\">Fran\u00e7ais<\/span><\/span><\/td>\n<\/tr>\n<tr>\n<td><span data-mce-mark=\"1\">64 bits \/ 32 bits (86 bits)<\/span><\/td>\n<td><span class=\"hps\" data-mce-mark=\"1\"><span data-mce-mark=\"1\">Oui<\/span><\/span><\/td>\n<\/tr>\n<tr>\n<td><span data-mce-mark=\"1\">Livraison<\/span><\/td>\n<td><span data-mce-mark=\"1\">Telechargement direct<\/span><\/td>\n<\/tr>\n<tr>\n<td colspan=\"2\"><strong><span data-mce-mark=\"1\">Configuration requise<br \/>\n<\/span><\/strong><\/td>\n<\/tr>\n<tr>\n<td><span data-mce-mark=\"1\">Disque dur<\/span><\/td>\n<td><span data-mce-mark=\"1\">3 GB<\/span><\/td>\n<\/tr>\n<tr>\n<td><span data-mce-mark=\"1\">M\u00e9moire<\/span><\/td>\n<td><span data-mce-mark=\"1\">1 GB RAM (32-bit \/86-bit); 2GB RAM (64-bit)<\/span><\/td>\n<\/tr>\n<tr>\n<td><span data-mce-mark=\"1\">CPU \/ Processeur<\/span><\/td>\n<td><span data-mce-mark=\"1\">x86\/x64- Processeur avec minimum 1 GHz et SSE2<\/span><\/td>\n<\/tr>\n<tr>\n<td>\u00a0R\u00e9solution\/Graphique<\/td>\n<td><span data-mce-mark=\"1\">1280 x 800 Pixel<\/span><\/td>\n<\/tr>\n<tr>\n<td><span class=\"short_text\" data-mce-mark=\"1\"><span class=\"hps\" data-mce-mark=\"1\"><span data-mce-mark=\"1\">Mac OS compatibilit\u00e9<\/span><\/span><\/span><\/td>\n<td><span class=\"short_text\" lang=\"es\" data-mce-mark=\"1\"><span class=\"hps\" data-mce-mark=\"1\"><span data-mce-mark=\"1\">Non<\/span><\/span><\/span><\/td>\n<\/tr>\n<tr>\n<td><span data-mce-mark=\"1\">Windows OS compatibilit\u00e9<\/span><\/td>\n<td><span data-mce-mark=\"1\">Windows 10,11<\/span><\/td>\n<\/tr>\n<tr>\n<td><span class=\"short_text\" data-mce-mark=\"1\"><span class=\"hps\" data-mce-mark=\"1\"><span data-mce-mark=\"1\">Windows Server compatibilit\u00e9<\/span><\/span><\/span><\/td>\n<td><span data-mce-mark=\"1\">Windows Server 2008 R2 et .NET 3.5 ou sup\u00e9rieur<\/span><\/td>\n<\/tr>\n<tr>\n<td colspan=\"2\"><strong><span class=\"short_text\" data-mce-mark=\"1\"><span class=\"hps\" data-mce-mark=\"1\"><span data-mce-mark=\"1\">Infos additionnels<\/span><\/span><\/span><\/strong><\/td>\n<\/tr>\n<tr>\n<td colspan=\"2\"><span data-mce-mark=\"1\">\u25a0 S&rsquo;il vous pla\u00eet d\u00e9sinstaller toutes les autres versions de Microsoft Office \u00e0 partir de votre ordinateur avant d&rsquo;installer votre nouveau Microsoft Office<\/span><\/td>\n<\/tr>\n<tr>\n<td colspan=\"2\"><span data-mce-mark=\"1\">\u25a0 Direct Online-activation ou bien vous pouvez activer votre p\u00e9age de produit gratuit par t\u00e9l\u00e9phone<\/span><\/td>\n<\/tr>\n<\/tbody>\n<\/table>\n","protected":false},"excerpt":{"rendered":"<p>Microsoft Office 2021 Professionnel Plus Microsoft Office 2021 Professionnel Plus Cette version compl\u00e8te de Microsoft Office comprend word, Excel, Power Point, one note publisher outlook Acces Infopath Skype Utilisateur \/ PC \/ Produit 1 \/ 1 PC \/ Volume Langue Fran\u00e7ais 64 bits \/ 32 bits (86 bits) Oui Livraison Telechargement direct Configuration requise Disque [&hellip;]<\/p>\n","protected":false},"featured_media":0,"comment_status":"open","ping_status":"closed","template":"","meta":[],"product_brand":[],"product_cat":[18],"product_tag":[],"class_list":{"0":"post-55","1":"product","2":"type-product","3":"status-publish","5":"product_cat-logiciels","7":"first","8":"instock","9":"sale","10":"downloadable","11":"virtual","12":"taxable","13":"purchasable","14":"product-type-simple"},"yoast_head":"<!-- This site is optimized with the Yoast SEO plugin v27.3 - https:\/\/yoast.com\/product\/yoast-seo-wordpress\/ -->\n<title>Microsoft Office 2021 Professionnel Plus - Icone PC<\/title>\n<meta name=\"robots\" content=\"index, follow, max-snippet:-1, max-image-preview:large, max-video-preview:-1\" \/>\n<link rel=\"canonical\" href=\"https:\/\/iconepc.fr\/wp\/?product=microsoft-office-2021-professionnel-plus\" \/>\n<meta property=\"og:locale\" content=\"fr_FR\" \/>\n<meta property=\"og:type\" content=\"article\" \/>\n<meta property=\"og:title\" content=\"Microsoft Office 2021 Professionnel Plus - Icone PC\" \/>\n<meta property=\"og:description\" content=\"Microsoft Office 2021 Professionnel Plus Microsoft Office 2021 Professionnel Plus Cette version compl\u00e8te de Microsoft Office comprend word, Excel, Power Point, one note publisher outlook Acces Infopath Skype Utilisateur \/ PC \/ Produit 1 \/ 1 PC \/ Volume Langue Fran\u00e7ais 64 bits \/ 32 bits (86 bits) Oui Livraison Telechargement direct Configuration requise Disque [&hellip;]\" \/>\n<meta property=\"og:url\" content=\"https:\/\/iconepc.fr\/wp\/?product=microsoft-office-2021-professionnel-plus\" \/>\n<meta property=\"og:site_name\" content=\"Icone PC\" \/>\n<meta property=\"article:modified_time\" content=\"2026-04-10T16:15:31+00:00\" \/>\n<meta property=\"og:image\" content=\"http:\/\/iconepc.fr\/wp\/wp-content\/uploads\/2021\/11\/OfficeProPlus21_FR_600x600.png\" \/>\n\t<meta property=\"og:image:width\" content=\"468\" \/>\n\t<meta property=\"og:image:height\" content=\"600\" \/>\n\t<meta property=\"og:image:type\" content=\"image\/png\" \/>\n<meta name=\"twitter:card\" content=\"summary_large_image\" \/>\n<meta name=\"twitter:label1\" content=\"Dur\u00e9e de lecture estim\u00e9e\" \/>\n\t<meta name=\"twitter:data1\" content=\"1 minute\" \/>\n<script type=\"application\/ld+json\" class=\"yoast-schema-graph\">{\"@context\":\"https:\\\/\\\/schema.org\",\"@graph\":[{\"@type\":\"WebPage\",\"@id\":\"https:\\\/\\\/iconepc.fr\\\/wp\\\/?product=microsoft-office-2021-professionnel-plus\",\"url\":\"https:\\\/\\\/iconepc.fr\\\/wp\\\/?product=microsoft-office-2021-professionnel-plus\",\"name\":\"Microsoft Office 2021 Professionnel Plus - Icone PC\",\"isPartOf\":{\"@id\":\"https:\\\/\\\/iconepc.fr\\\/wp\\\/#website\"},\"datePublished\":\"2021-11-09T08:47:38+00:00\",\"dateModified\":\"2026-04-10T16:15:31+00:00\",\"breadcrumb\":{\"@id\":\"https:\\\/\\\/iconepc.fr\\\/wp\\\/?product=microsoft-office-2021-professionnel-plus#breadcrumb\"},\"inLanguage\":\"fr-FR\",\"potentialAction\":[{\"@type\":\"ReadAction\",\"target\":[\"https:\\\/\\\/iconepc.fr\\\/wp\\\/?product=microsoft-office-2021-professionnel-plus\"]}]},{\"@type\":\"BreadcrumbList\",\"@id\":\"https:\\\/\\\/iconepc.fr\\\/wp\\\/?product=microsoft-office-2021-professionnel-plus#breadcrumb\",\"itemListElement\":[{\"@type\":\"ListItem\",\"position\":1,\"name\":\"Accueil\",\"item\":\"https:\\\/\\\/iconepc.fr\\\/wp\\\/\"},{\"@type\":\"ListItem\",\"position\":2,\"name\":\"Boutique\",\"item\":\"https:\\\/\\\/iconepc.fr\\\/wp\\\/\"},{\"@type\":\"ListItem\",\"position\":3,\"name\":\"Microsoft Office 2021 Professionnel Plus\"}]},{\"@type\":\"WebSite\",\"@id\":\"https:\\\/\\\/iconepc.fr\\\/wp\\\/#website\",\"url\":\"https:\\\/\\\/iconepc.fr\\\/wp\\\/\",\"name\":\"Icone PC\",\"description\":\"Vente et r\u00e9paration informatique\",\"potentialAction\":[{\"@type\":\"SearchAction\",\"target\":{\"@type\":\"EntryPoint\",\"urlTemplate\":\"https:\\\/\\\/iconepc.fr\\\/wp\\\/?s={search_term_string}\"},\"query-input\":{\"@type\":\"PropertyValueSpecification\",\"valueRequired\":true,\"valueName\":\"search_term_string\"}}],\"inLanguage\":\"fr-FR\"}]}<\/script>\n<!-- \/ Yoast SEO plugin. -->","yoast_head_json":{"title":"Microsoft Office 2021 Professionnel Plus - Icone PC","robots":{"index":"index","follow":"follow","max-snippet":"max-snippet:-1","max-image-preview":"max-image-preview:large","max-video-preview":"max-video-preview:-1"},"canonical":"https:\/\/iconepc.fr\/wp\/?product=microsoft-office-2021-professionnel-plus","og_locale":"fr_FR","og_type":"article","og_title":"Microsoft Office 2021 Professionnel Plus - Icone PC","og_description":"Microsoft Office 2021 Professionnel Plus Microsoft Office 2021 Professionnel Plus Cette version compl\u00e8te de Microsoft Office comprend word, Excel, Power Point, one note publisher outlook Acces Infopath Skype Utilisateur \/ PC \/ Produit 1 \/ 1 PC \/ Volume Langue Fran\u00e7ais 64 bits \/ 32 bits (86 bits) Oui Livraison Telechargement direct Configuration requise Disque [&hellip;]","og_url":"https:\/\/iconepc.fr\/wp\/?product=microsoft-office-2021-professionnel-plus","og_site_name":"Icone PC","article_modified_time":"2026-04-10T16:15:31+00:00","og_image":[{"width":468,"height":600,"url":"http:\/\/iconepc.fr\/wp\/wp-content\/uploads\/2021\/11\/OfficeProPlus21_FR_600x600.png","type":"image\/png"}],"twitter_card":"summary_large_image","twitter_misc":{"Dur\u00e9e de lecture estim\u00e9e":"1 minute"},"schema":{"@context":"https:\/\/schema.org","@graph":[{"@type":"WebPage","@id":"https:\/\/iconepc.fr\/wp\/?product=microsoft-office-2021-professionnel-plus","url":"https:\/\/iconepc.fr\/wp\/?product=microsoft-office-2021-professionnel-plus","name":"Microsoft Office 2021 Professionnel Plus - Icone PC","isPartOf":{"@id":"https:\/\/iconepc.fr\/wp\/#website"},"datePublished":"2021-11-09T08:47:38+00:00","dateModified":"2026-04-10T16:15:31+00:00","breadcrumb":{"@id":"https:\/\/iconepc.fr\/wp\/?product=microsoft-office-2021-professionnel-plus#breadcrumb"},"inLanguage":"fr-FR","potentialAction":[{"@type":"ReadAction","target":["https:\/\/iconepc.fr\/wp\/?product=microsoft-office-2021-professionnel-plus"]}]},{"@type":"BreadcrumbList","@id":"https:\/\/iconepc.fr\/wp\/?product=microsoft-office-2021-professionnel-plus#breadcrumb","itemListElement":[{"@type":"ListItem","position":1,"name":"Accueil","item":"https:\/\/iconepc.fr\/wp\/"},{"@type":"ListItem","position":2,"name":"Boutique","item":"https:\/\/iconepc.fr\/wp\/"},{"@type":"ListItem","position":3,"name":"Microsoft Office 2021 Professionnel Plus"}]},{"@type":"WebSite","@id":"https:\/\/iconepc.fr\/wp\/#website","url":"https:\/\/iconepc.fr\/wp\/","name":"Icone PC","description":"Vente et r\u00e9paration informatique","potentialAction":[{"@type":"SearchAction","target":{"@type":"EntryPoint","urlTemplate":"https:\/\/iconepc.fr\/wp\/?s={search_term_string}"},"query-input":{"@type":"PropertyValueSpecification","valueRequired":true,"valueName":"search_term_string"}}],"inLanguage":"fr-FR"}]}},"jetpack_sharing_enabled":true,"_links":{"self":[{"href":"https:\/\/iconepc.fr\/wp\/index.php?rest_route=\/wp\/v2\/product\/55","targetHints":{"allow":["GET"]}}],"collection":[{"href":"https:\/\/iconepc.fr\/wp\/index.php?rest_route=\/wp\/v2\/product"}],"about":[{"href":"https:\/\/iconepc.fr\/wp\/index.php?rest_route=\/wp\/v2\/types\/product"}],"replies":[{"embeddable":true,"href":"https:\/\/iconepc.fr\/wp\/index.php?rest_route=%2Fwp%2Fv2%2Fcomments&post=55"}],"wp:attachment":[{"href":"https:\/\/iconepc.fr\/wp\/index.php?rest_route=%2Fwp%2Fv2%2Fmedia&parent=55"}],"wp:term":[{"taxonomy":"product_brand","embeddable":true,"href":"https:\/\/iconepc.fr\/wp\/index.php?rest_route=%2Fwp%2Fv2%2Fproduct_brand&post=55"},{"taxonomy":"product_cat","embeddable":true,"href":"https:\/\/iconepc.fr\/wp\/index.php?rest_route=%2Fwp%2Fv2%2Fproduct_cat&post=55"},{"taxonomy":"product_tag","embeddable":true,"href":"https:\/\/iconepc.fr\/wp\/index.php?rest_route=%2Fwp%2Fv2%2Fproduct_tag&post=55"}],"curies":[{"name":"wp","href":"https:\/\/api.w.org\/{rel}","templated":true}]}}